{"id":69,"date":"2023-03-06T11:35:25","date_gmt":"2023-03-06T10:35:25","guid":{"rendered":"https:\/\/www.synnovation.eu\/?page_id=69"},"modified":"2024-01-30T15:23:44","modified_gmt":"2024-01-30T14:23:44","slug":"home","status":"publish","type":"page","link":"https:\/\/www.synnovation.eu\/en\/","title":{"rendered":"Home"},"content":{"rendered":"<div data-elementor-type=\"wp-page\" data-elementor-id=\"69\" class=\"elementor elementor-69\">\n\t\t\t\t\t\t\t<div class=\"elementor-element elementor-element-70abe545 e-con-full elementor-hidden-mobile e-con\" data-id=\"70abe545\" data-element_type=\"container\" data-settings=\"{&quot;content_width&quot;:&quot;full&quot;,&quot;background_background&quot;:&quot;classic&quot;}\" data-e-bg-lazyload=\"\">\n\t\t<div class=\"elementor-element elementor-element-5e2b89e0 e-con-full elementor-invisible e-con\" data-id=\"5e2b89e0\" data-element_type=\"container\" data-settings=\"{&quot;content_width&quot;:&quot;full&quot;,&quot;animation&quot;:&quot;slideInLeft&quot;}\">\n\t\t\t\t<div class=\"elementor-element elementor-element-7ba08cbc test elementor-widget elementor-widget-heading\" data-id=\"7ba08cbc\" data-element_type=\"widget\" data-widget_type=\"heading.default\">\n\t\t\t\t<div class=\"elementor-widget-container\">\n\t\t\t<style>\/*! elementor - v3.11.5 - 14-03-2023 *\/\n.elementor-heading-title{padding:0;margin:0;line-height:1}.elementor-widget-heading .elementor-heading-title[class*=elementor-size-]>a{color:inherit;font-size:inherit;line-height:inherit}.elementor-widget-heading .elementor-heading-title.elementor-size-small{font-size:15px}.elementor-widget-heading .elementor-heading-title.elementor-size-medium{font-size:19px}.elementor-widget-heading .elementor-heading-title.elementor-size-large{font-size:29px}.elementor-widget-heading .elementor-heading-title.elementor-size-xl{font-size:39px}.elementor-widget-heading .elementor-heading-title.elementor-size-xxl{font-size:59px}<\/style><h2 class=\"elementor-heading-title elementor-size-default\">New distribution channels <br>New industry sectors <br>New customers<\/h2>\t\t<\/div>\n\t\t\t\t<\/div>\n\t\t\t\t<\/div>\n\t\t\t\t<\/div>\n\t\t\t\t<section class=\"elementor-section elementor-inner-section elementor-element elementor-element-5d787ca6 elementor-hidden-phone elementor-section-boxed elementor-section-height-default elementor-section-height-default\" data-id=\"5d787ca6\" data-element_type=\"section\" id=\"ffWappen\">\n\t\t\t\t\t\t<div class=\"elementor-container elementor-column-gap-default\">\n\t\t\t\t\t<div class=\"elementor-column elementor-col-33 elementor-inner-column elementor-element elementor-element-7ebc8719\" data-id=\"7ebc8719\" data-element_type=\"column\" data-settings=\"{&quot;background_background&quot;:&quot;gradient&quot;}\">\n\t\t\t<div class=\"elementor-widget-wrap elementor-element-populated\">\n\t\t\t\t\t<div class=\"elementor-background-overlay\"><\/div>\n\t\t\t\t\t\t\t\t<div class=\"elementor-element elementor-element-1cee1fd7 elementor-widget elementor-widget-image\" data-id=\"1cee1fd7\" data-element_type=\"widget\" data-widget_type=\"image.default\">\n\t\t\t\t<div class=\"elementor-widget-container\">\n\t\t\t<style>\/*! elementor - v3.11.5 - 14-03-2023 *\/\n.elementor-widget-image{text-align:center}.elementor-widget-image a{display:inline-block}.elementor-widget-image a img[src$=\".svg\"]{width:48px}.elementor-widget-image img{vertical-align:middle;display:inline-block}<\/style>\t\t\t\t\t\t\t\t\t\t\t\t\t<a href=\"https:\/\/www.synnovation.eu\/en\/karriere\/\">\n\t\t\t\t\t\t\t<img loading=\"lazy\" decoding=\"async\" width=\"172\" height=\"172\" src=\"http:\/\/www.synnovation.eu\/wp-content\/uploads\/2023\/07\/HP.png\" class=\"attachment-full size-full wp-image-175\" alt=\"\" srcset=\"https:\/\/www.synnovation.eu\/wp-content\/uploads\/2023\/07\/HP.png 172w, https:\/\/www.synnovation.eu\/wp-content\/uploads\/2023\/07\/HP-150x150.png 150w, https:\/\/www.synnovation.eu\/wp-content\/uploads\/2023\/07\/HP-12x12.png 12w\" sizes=\"auto, (max-width: 172px) 100vw, 172px\" \/>\t\t\t\t\t\t\t\t<\/a>\n\t\t\t\t\t\t\t\t\t\t\t\t\t\t\t<\/div>\n\t\t\t\t<\/div>\n\t\t\t\t\t<\/div>\n\t\t<\/div>\n\t\t\t\t<div class=\"elementor-column elementor-col-33 elementor-inner-column elementor-element elementor-element-5d3ca0fe\" data-id=\"5d3ca0fe\" data-element_type=\"column\" data-settings=\"{&quot;background_background&quot;:&quot;gradient&quot;}\">\n\t\t\t<div class=\"elementor-widget-wrap elementor-element-populated\">\n\t\t\t\t\t<div class=\"elementor-background-overlay\"><\/div>\n\t\t\t\t\t\t\t\t<div class=\"elementor-element elementor-element-8785a2c elementor-widget elementor-widget-image\" data-id=\"8785a2c\" data-element_type=\"widget\" data-widget_type=\"image.default\">\n\t\t\t\t<div class=\"elementor-widget-container\">\n\t\t\t\t\t\t\t\t\t\t\t\t<figure class=\"wp-caption\">\n\t\t\t\t\t\t\t\t\t\t\t<a href=\"https:\/\/www.synnovation.eu\/en\/leistungen\/\">\n\t\t\t\t\t\t\t<img loading=\"lazy\" decoding=\"async\" width=\"172\" height=\"172\" src=\"http:\/\/www.synnovation.eu\/wp-content\/uploads\/2023\/07\/HP-1.png\" class=\"attachment-full size-full wp-image-176\" alt=\"\" srcset=\"https:\/\/www.synnovation.eu\/wp-content\/uploads\/2023\/07\/HP-1.png 172w, https:\/\/www.synnovation.eu\/wp-content\/uploads\/2023\/07\/HP-1-150x150.png 150w, https:\/\/www.synnovation.eu\/wp-content\/uploads\/2023\/07\/HP-1-12x12.png 12w\" sizes=\"auto, (max-width: 172px) 100vw, 172px\" \/>\t\t\t\t\t\t\t\t<\/a>\n\t\t\t\t\t\t\t\t\t\t\t<figcaption class=\"widget-image-caption wp-caption-text\"><\/figcaption>\n\t\t\t\t\t\t\t\t\t\t<\/figure>\n\t\t\t\t\t\t\t\t\t<\/div>\n\t\t\t\t<\/div>\n\t\t\t\t\t<\/div>\n\t\t<\/div>\n\t\t\t\t<div class=\"elementor-column elementor-col-33 elementor-inner-column elementor-element elementor-element-5b0fe32d\" data-id=\"5b0fe32d\" data-element_type=\"column\" data-settings=\"{&quot;background_background&quot;:&quot;gradient&quot;}\">\n\t\t\t<div class=\"elementor-widget-wrap elementor-element-populated\">\n\t\t\t\t\t<div class=\"elementor-background-overlay\"><\/div>\n\t\t\t\t\t\t\t\t<div class=\"elementor-element elementor-element-59930f15 elementor-widget elementor-widget-image\" data-id=\"59930f15\" data-element_type=\"widget\" data-widget_type=\"image.default\">\n\t\t\t\t<div class=\"elementor-widget-container\">\n\t\t\t\t\t\t\t\t\t\t\t\t\t\t\t\t<a href=\"https:\/\/www.synnovation.eu\/en\/referenzen\/\">\n\t\t\t\t\t\t\t<img loading=\"lazy\" decoding=\"async\" width=\"172\" height=\"172\" src=\"http:\/\/www.synnovation.eu\/wp-content\/uploads\/2023\/07\/HP2.png\" class=\"attachment-full size-full wp-image-177\" alt=\"\" srcset=\"https:\/\/www.synnovation.eu\/wp-content\/uploads\/2023\/07\/HP2.png 172w, https:\/\/www.synnovation.eu\/wp-content\/uploads\/2023\/07\/HP2-150x150.png 150w, https:\/\/www.synnovation.eu\/wp-content\/uploads\/2023\/07\/HP2-12x12.png 12w\" sizes=\"auto, (max-width: 172px) 100vw, 172px\" \/>\t\t\t\t\t\t\t\t<\/a>\n\t\t\t\t\t\t\t\t\t\t\t\t\t\t\t<\/div>\n\t\t\t\t<\/div>\n\t\t\t\t\t<\/div>\n\t\t<\/div>\n\t\t\t\t\t\t\t<\/div>\n\t\t<\/section>\n\t\t<div class=\"elementor-element elementor-element-a6b865d e-con-full elementor-hidden-desktop elementor-hidden-tablet e-con\" data-id=\"a6b865d\" data-element_type=\"container\" data-settings=\"{&quot;content_width&quot;:&quot;full&quot;,&quot;background_background&quot;:&quot;classic&quot;}\" data-e-bg-lazyload=\"\">\n\t\t<div class=\"elementor-element elementor-element-fa219f9 e-con-full elementor-invisible e-con\" data-id=\"fa219f9\" data-element_type=\"container\" data-settings=\"{&quot;content_width&quot;:&quot;full&quot;,&quot;animation&quot;:&quot;slideInLeft&quot;,&quot;animation_mobile&quot;:&quot;slideInLeft&quot;}\">\n\t\t\t\t<div class=\"elementor-element elementor-element-600538e test elementor-widget elementor-widget-heading\" data-id=\"600538e\" data-element_type=\"widget\" data-widget_type=\"heading.default\">\n\t\t\t\t<div class=\"elementor-widget-container\">\n\t\t\t<h2 class=\"elementor-heading-title elementor-size-default\">New distribution channels <br>New industry sectors <br>New customers<\/h2>\t\t<\/div>\n\t\t\t\t<\/div>\n\t\t\t\t<\/div>\n\t\t\t\t<\/div>\n\t\t<div class=\"elementor-element elementor-element-7454c7e6 e-con-boxed e-con\" data-id=\"7454c7e6\" data-element_type=\"container\" data-settings=\"{&quot;content_width&quot;:&quot;boxed&quot;}\">\n\t\t\t\t\t<div class=\"e-con-inner\">\n\t\t\t\t<div class=\"elementor-element elementor-element-28570f7f elementor-widget elementor-widget-text-editor\" data-id=\"28570f7f\" data-element_type=\"widget\" data-widget_type=\"text-editor.default\">\n\t\t\t\t<div class=\"elementor-widget-container\">\n\t\t\t<style>\/*! elementor - v3.11.5 - 14-03-2023 *\/\n.elementor-widget-text-editor.elementor-drop-cap-view-stacked .elementor-drop-cap{background-color:#818a91;color:#fff}.elementor-widget-text-editor.elementor-drop-cap-view-framed .elementor-drop-cap{color:#818a91;border:3px solid;background-color:transparent}.elementor-widget-text-editor:not(.elementor-drop-cap-view-default) .elementor-drop-cap{margin-top:8px}.elementor-widget-text-editor:not(.elementor-drop-cap-view-default) .elementor-drop-cap-letter{width:1em;height:1em}.elementor-widget-text-editor .elementor-drop-cap{float:left;text-align:center;line-height:1;font-size:50px}.elementor-widget-text-editor .elementor-drop-cap-letter{display:inline-block}<\/style>\t\t\t\t<p>While others only talk, we get down to work!<\/p>\t\t\t\t\t\t<\/div>\n\t\t\t\t<\/div>\n\t\t\t\t\t<\/div>\n\t\t\t\t<\/div>\n\t\t<div class=\"elementor-element elementor-element-f92c693 e-con-boxed e-con\" data-id=\"f92c693\" data-element_type=\"container\" data-settings=\"{&quot;content_width&quot;:&quot;boxed&quot;}\">\n\t\t\t\t\t<div class=\"e-con-inner\">\n\t\t\t\t<div class=\"elementor-element elementor-element-1348fc45 elementor-widget elementor-widget-text-editor\" data-id=\"1348fc45\" data-element_type=\"widget\" data-widget_type=\"text-editor.default\">\n\t\t\t\t<div class=\"elementor-widget-container\">\n\t\t\t\t\t\t\t<p>You are a specialist in your industry and your market. Your expertise has made you successful. Rely on specialists for your future activities as well! SYNNOVATION\u2019s distribution solutions tackle the areas where you most need support. Whether it's launching new products, finding new distribution channels, or building and leading sales teams.<\/p>\t\t\t\t\t\t<\/div>\n\t\t\t\t<\/div>\n\t\t\t\t\t<\/div>\n\t\t\t\t<\/div>\n\t\t<div class=\"elementor-element elementor-element-548b3eb2 e-con-full elementor-hidden-mobile e-con\" data-id=\"548b3eb2\" data-element_type=\"container\" data-settings=\"{&quot;content_width&quot;:&quot;full&quot;,&quot;background_background&quot;:&quot;classic&quot;,&quot;background_motion_fx_motion_fx_scrolling&quot;:&quot;yes&quot;,&quot;background_motion_fx_opacity_effect&quot;:&quot;yes&quot;,&quot;background_motion_fx_blur_effect&quot;:&quot;yes&quot;,&quot;background_motion_fx_scale_effect&quot;:&quot;yes&quot;,&quot;background_motion_fx_range&quot;:&quot;viewport&quot;,&quot;motion_fx_motion_fx_scrolling&quot;:&quot;yes&quot;,&quot;background_motion_fx_devices&quot;:[&quot;desktop&quot;,&quot;tablet&quot;],&quot;motion_fx_devices&quot;:[&quot;desktop&quot;,&quot;tablet&quot;],&quot;background_motion_fx_opacity_level&quot;:{&quot;unit&quot;:&quot;px&quot;,&quot;size&quot;:9.5,&quot;sizes&quot;:[]},&quot;background_motion_fx_opacity_direction&quot;:&quot;out-in&quot;,&quot;background_motion_fx_opacity_range&quot;:{&quot;unit&quot;:&quot;%&quot;,&quot;size&quot;:&quot;&quot;,&quot;sizes&quot;:{&quot;start&quot;:20,&quot;end&quot;:80}},&quot;background_motion_fx_blur_direction&quot;:&quot;out-in&quot;,&quot;background_motion_fx_blur_level&quot;:{&quot;unit&quot;:&quot;px&quot;,&quot;size&quot;:7,&quot;sizes&quot;:[]},&quot;background_motion_fx_blur_range&quot;:{&quot;unit&quot;:&quot;%&quot;,&quot;size&quot;:&quot;&quot;,&quot;sizes&quot;:{&quot;start&quot;:20,&quot;end&quot;:80}},&quot;background_motion_fx_scale_direction&quot;:&quot;out-in&quot;,&quot;background_motion_fx_scale_speed&quot;:{&quot;unit&quot;:&quot;px&quot;,&quot;size&quot;:4,&quot;sizes&quot;:[]},&quot;background_motion_fx_scale_range&quot;:{&quot;unit&quot;:&quot;%&quot;,&quot;size&quot;:&quot;&quot;,&quot;sizes&quot;:{&quot;start&quot;:20,&quot;end&quot;:80}}}\" data-e-bg-lazyload=\"\">\n\t\t\t\t<div class=\"elementor-element elementor-element-8863cde elementor-widget elementor-widget-image\" data-id=\"8863cde\" data-element_type=\"widget\" data-widget_type=\"image.default\">\n\t\t\t\t<div class=\"elementor-widget-container\">\n\t\t\t\t\t\t\t\t\t\t\t\t\t\t\t<img loading=\"lazy\" decoding=\"async\" width=\"2000\" height=\"609\" src=\"http:\/\/www.synnovation.eu\/wp-content\/uploads\/2023\/07\/HP-Bild-englisch.png\" class=\"attachment-full size-full wp-image-153\" alt=\"\" srcset=\"https:\/\/www.synnovation.eu\/wp-content\/uploads\/2023\/07\/HP-Bild-englisch.png 2000w, https:\/\/www.synnovation.eu\/wp-content\/uploads\/2023\/07\/HP-Bild-englisch-300x91.png 300w, https:\/\/www.synnovation.eu\/wp-content\/uploads\/2023\/07\/HP-Bild-englisch-1024x312.png 1024w, https:\/\/www.synnovation.eu\/wp-content\/uploads\/2023\/07\/HP-Bild-englisch-768x234.png 768w, https:\/\/www.synnovation.eu\/wp-content\/uploads\/2023\/07\/HP-Bild-englisch-1536x468.png 1536w, https:\/\/www.synnovation.eu\/wp-content\/uploads\/2023\/07\/HP-Bild-englisch-18x5.png 18w\" sizes=\"auto, (max-width: 2000px) 100vw, 2000px\" \/>\t\t\t\t\t\t\t\t\t\t\t\t\t\t\t<\/div>\n\t\t\t\t<\/div>\n\t\t\t\t<\/div>\n\t\t<div class=\"elementor-element elementor-element-10dc9e65 e-con-boxed e-con\" data-id=\"10dc9e65\" data-element_type=\"container\" data-settings=\"{&quot;content_width&quot;:&quot;boxed&quot;}\">\n\t\t\t\t\t<div class=\"e-con-inner\">\n\t\t\t\t<div class=\"elementor-element elementor-element-2bf2780a elementor-widget elementor-widget-text-editor\" data-id=\"2bf2780a\" data-element_type=\"widget\" data-widget_type=\"text-editor.default\">\n\t\t\t\t<div class=\"elementor-widget-container\">\n\t\t\t\t\t\t\t<p>The company<\/p>\t\t\t\t\t\t<\/div>\n\t\t\t\t<\/div>\n\t\t\t\t\t<\/div>\n\t\t\t\t<\/div>\n\t\t<div class=\"elementor-element elementor-element-f9f5af3 e-con-boxed e-con\" data-id=\"f9f5af3\" data-element_type=\"container\" data-settings=\"{&quot;content_width&quot;:&quot;boxed&quot;}\">\n\t\t\t\t\t<div class=\"e-con-inner\">\n\t\t\t\t<div class=\"elementor-element elementor-element-0a6edb0 elementor-widget elementor-widget-text-editor\" data-id=\"0a6edb0\" data-element_type=\"widget\" data-widget_type=\"text-editor.default\">\n\t\t\t\t<div class=\"elementor-widget-container\">\n\t\t\t\t\t\t\t\t\t\t\t\t\t<\/div>\n\t\t\t\t<\/div>\n\t\t\t\t\t<\/div>\n\t\t\t\t<\/div>\n\t\t<div class=\"elementor-element elementor-element-d5ec2ab e-con-boxed e-con\" data-id=\"d5ec2ab\" data-element_type=\"container\" data-settings=\"{&quot;content_width&quot;:&quot;boxed&quot;}\">\n\t\t\t\t\t<div class=\"e-con-inner\">\n\t\t\t\t<div class=\"elementor-element elementor-element-5fc67017 elementor-widget elementor-widget-text-editor\" data-id=\"5fc67017\" data-element_type=\"widget\" data-widget_type=\"text-editor.default\">\n\t\t\t\t<div class=\"elementor-widget-container\">\n\t\t\t\t\t\t\t<p>As a powerful sales consultancy, SYNNOVATION helps companies with products and services that are in need of explanation to succeed in the B2B market.<\/p><p>We are keen on generating business opportunities and appreciate the multifaceted tasks that our clients entrust us with.<\/p><p>SYNNOVATION is the optimal partner for you in the following areas:<\/p>\t\t\t\t\t\t<\/div>\n\t\t\t\t<\/div>\n\t\t\t\t\t<\/div>\n\t\t\t\t<\/div>\n\t\t<div class=\"elementor-element elementor-element-4a9f24b e-con-boxed e-con\" data-id=\"4a9f24b\" data-element_type=\"container\" data-settings=\"{&quot;content_width&quot;:&quot;boxed&quot;}\">\n\t\t\t\t\t<div class=\"e-con-inner\">\n\t\t<div class=\"elementor-element elementor-element-c2b51f5 e-con-full e-con\" data-id=\"c2b51f5\" data-element_type=\"container\" data-settings=\"{&quot;content_width&quot;:&quot;full&quot;}\">\n\t\t\t\t<div class=\"elementor-element elementor-element-733111b elementor-widget elementor-widget-image\" data-id=\"733111b\" data-element_type=\"widget\" data-widget_type=\"image.default\">\n\t\t\t\t<div class=\"elementor-widget-container\">\n\t\t\t\t\t\t\t\t\t\t\t\t\t\t\t\t<a href=\"https:\/\/www.synnovation.eu\/en\/sales-business-development-management\/\">\n\t\t\t\t\t\t\t<img loading=\"lazy\" decoding=\"async\" width=\"392\" height=\"334\" src=\"https:\/\/www.synnovation.eu\/wp-content\/uploads\/2024\/01\/Box_Sale-5.png\" class=\"elementor-animation-shrink attachment-full size-full wp-image-1886\" alt=\"\" srcset=\"https:\/\/www.synnovation.eu\/wp-content\/uploads\/2024\/01\/Box_Sale-5.png 392w, https:\/\/www.synnovation.eu\/wp-content\/uploads\/2024\/01\/Box_Sale-5-300x256.png 300w, https:\/\/www.synnovation.eu\/wp-content\/uploads\/2024\/01\/Box_Sale-5-14x12.png 14w\" sizes=\"auto, (max-width: 392px) 100vw, 392px\" \/>\t\t\t\t\t\t\t\t<\/a>\n\t\t\t\t\t\t\t\t\t\t\t\t\t\t\t<\/div>\n\t\t\t\t<\/div>\n\t\t\t\t<\/div>\n\t\t<div class=\"elementor-element elementor-element-a72a678 e-con-full e-con\" data-id=\"a72a678\" data-element_type=\"container\" data-settings=\"{&quot;content_width&quot;:&quot;full&quot;}\">\n\t\t\t\t<div class=\"elementor-element elementor-element-b22aebe elementor-widget elementor-widget-image\" data-id=\"b22aebe\" data-element_type=\"widget\" data-widget_type=\"image.default\">\n\t\t\t\t<div class=\"elementor-widget-container\">\n\t\t\t\t\t\t\t\t\t\t\t\t\t\t\t\t<a href=\"https:\/\/www.synnovation.eu\/en\/sales-business-development-management-2\/\">\n\t\t\t\t\t\t\t<img loading=\"lazy\" decoding=\"async\" width=\"392\" height=\"334\" src=\"https:\/\/www.synnovation.eu\/wp-content\/uploads\/2023\/03\/Box_Business.jpg\" class=\"elementor-animation-shrink attachment-full size-full wp-image-185\" alt=\"\" srcset=\"https:\/\/www.synnovation.eu\/wp-content\/uploads\/2023\/03\/Box_Business.jpg 392w, https:\/\/www.synnovation.eu\/wp-content\/uploads\/2023\/03\/Box_Business-300x256.jpg 300w\" sizes=\"auto, (max-width: 392px) 100vw, 392px\" \/>\t\t\t\t\t\t\t\t<\/a>\n\t\t\t\t\t\t\t\t\t\t\t\t\t\t\t<\/div>\n\t\t\t\t<\/div>\n\t\t\t\t<\/div>\n\t\t<div class=\"elementor-element elementor-element-a4d6b73 e-con-full e-con\" data-id=\"a4d6b73\" data-element_type=\"container\" data-settings=\"{&quot;content_width&quot;:&quot;full&quot;}\">\n\t\t\t\t<div class=\"elementor-element elementor-element-2589642 elementor-widget elementor-widget-image\" data-id=\"2589642\" data-element_type=\"widget\" data-widget_type=\"image.default\">\n\t\t\t\t<div class=\"elementor-widget-container\">\n\t\t\t\t\t\t\t\t\t\t\t\t\t\t\t\t<a href=\"https:\/\/www.synnovation.eu\/en\/sales-business-development-management-3\/\">\n\t\t\t\t\t\t\t<img loading=\"lazy\" decoding=\"async\" width=\"392\" height=\"334\" src=\"https:\/\/www.synnovation.eu\/wp-content\/uploads\/2023\/03\/Box_Management.jpg\" class=\"elementor-animation-shrink attachment-full size-full wp-image-186\" alt=\"\" srcset=\"https:\/\/www.synnovation.eu\/wp-content\/uploads\/2023\/03\/Box_Management.jpg 392w, https:\/\/www.synnovation.eu\/wp-content\/uploads\/2023\/03\/Box_Management-300x256.jpg 300w\" sizes=\"auto, (max-width: 392px) 100vw, 392px\" \/>\t\t\t\t\t\t\t\t<\/a>\n\t\t\t\t\t\t\t\t\t\t\t\t\t\t\t<\/div>\n\t\t\t\t<\/div>\n\t\t\t\t<\/div>\n\t\t\t\t\t<\/div>\n\t\t\t\t<\/div>\n\t\t<div class=\"elementor-element elementor-element-cdd311e e-con-boxed e-con\" data-id=\"cdd311e\" data-element_type=\"container\" data-settings=\"{&quot;content_width&quot;:&quot;boxed&quot;}\">\n\t\t\t\t\t<div class=\"e-con-inner\">\n\t\t\t\t<div class=\"elementor-element elementor-element-0c05f9e elementor-widget elementor-widget-spacer\" data-id=\"0c05f9e\" data-element_type=\"widget\" data-widget_type=\"spacer.default\">\n\t\t\t\t<div class=\"elementor-widget-container\">\n\t\t\t<style>\/*! elementor - v3.11.5 - 14-03-2023 *\/\n.elementor-column .elementor-spacer-inner{height:var(--spacer-size)}.e-con{--container-widget-width:100%}.e-con-inner>.elementor-widget-spacer,.e-con>.elementor-widget-spacer{width:var(--container-widget-width,var(--spacer-size));--align-self:var(--container-widget-align-self,initial);--flex-shrink:0}.e-con-inner>.elementor-widget-spacer>.elementor-widget-container,.e-con-inner>.elementor-widget-spacer>.elementor-widget-container>.elementor-spacer,.e-con>.elementor-widget-spacer>.elementor-widget-container,.e-con>.elementor-widget-spacer>.elementor-widget-container>.elementor-spacer{height:100%}.e-con-inner>.elementor-widget-spacer>.elementor-widget-container>.elementor-spacer>.elementor-spacer-inner,.e-con>.elementor-widget-spacer>.elementor-widget-container>.elementor-spacer>.elementor-spacer-inner{height:var(--container-widget-height,var(--spacer-size))}<\/style>\t\t<div class=\"elementor-spacer\">\n\t\t\t<div class=\"elementor-spacer-inner\"><\/div>\n\t\t<\/div>\n\t\t\t\t<\/div>\n\t\t\t\t<\/div>\n\t\t\t\t\t<\/div>\n\t\t\t\t<\/div>\n\t\t\t\t\t\t\t<\/div>","protected":false},"excerpt":{"rendered":"<p>Neue Vertriebskan\u00e4le. Neue Branchen. Neue Kunden. Neue Vertriebskan\u00e4le. Neue Branchen. Neue Kunden. Wir reden nicht nur, wir packen an. Sie sind Spezialist in Ihrer Branche und auf Ihrem Markt. Diese Expertise hat Sie erfolgreich gemacht. Setzen Sie auch bei Ihren zuk\u00fcnftigen T\u00e4tigkeiten auf Spezialisten! Die SYNNOVATION \u2013 Vertriebsl\u00f6sungen packen dort an, wo Sie Unterst\u00fctzung ben\u00f6tigen. [&hellip;]<\/p>","protected":false},"author":2,"featured_media":0,"parent":0,"menu_order":0,"comment_status":"closed","ping_status":"closed","template":"","meta":{"footnotes":""},"class_list":["post-69","page","type-page","status-publish","hentry"],"_links":{"self":[{"href":"https:\/\/www.synnovation.eu\/en\/wp-json\/wp\/v2\/pages\/69","targetHints":{"allow":["GET"]}}],"collection":[{"href":"https:\/\/www.synnovation.eu\/en\/wp-json\/wp\/v2\/pages"}],"about":[{"href":"https:\/\/www.synnovation.eu\/en\/wp-json\/wp\/v2\/types\/page"}],"author":[{"embeddable":true,"href":"https:\/\/www.synnovation.eu\/en\/wp-json\/wp\/v2\/users\/2"}],"replies":[{"embeddable":true,"href":"https:\/\/www.synnovation.eu\/en\/wp-json\/wp\/v2\/comments?post=69"}],"version-history":[{"count":223,"href":"https:\/\/www.synnovation.eu\/en\/wp-json\/wp\/v2\/pages\/69\/revisions"}],"predecessor-version":[{"id":1892,"href":"https:\/\/www.synnovation.eu\/en\/wp-json\/wp\/v2\/pages\/69\/revisions\/1892"}],"wp:attachment":[{"href":"https:\/\/www.synnovation.eu\/en\/wp-json\/wp\/v2\/media?parent=69"}],"curies":[{"name":"wp","href":"https:\/\/api.w.org\/{rel}","templated":true}]}}