{"id":1076,"date":"2023-03-13T16:51:39","date_gmt":"2023-03-13T15:51:39","guid":{"rendered":"https:\/\/www.synnovation.eu\/?page_id=1076"},"modified":"2025-03-20T13:35:28","modified_gmt":"2025-03-20T12:35:28","slug":"impressum","status":"publish","type":"page","link":"https:\/\/www.synnovation.eu\/en\/impressum\/","title":{"rendered":"Imprint"},"content":{"rendered":"<div data-elementor-type=\"wp-page\" data-elementor-id=\"1076\" class=\"elementor elementor-1076\">\n\t\t\t\t\t\t\t<div class=\"elementor-element elementor-element-b6147b9 e-con-boxed e-con\" data-id=\"b6147b9\" data-element_type=\"container\" data-settings=\"{&quot;content_width&quot;:&quot;boxed&quot;}\">\n\t\t\t\t\t<div class=\"e-con-inner\">\n\t\t\t\t<div class=\"elementor-element elementor-element-39dbe2c elementor-widget elementor-widget-spacer\" data-id=\"39dbe2c\" data-element_type=\"widget\" data-widget_type=\"spacer.default\">\n\t\t\t\t<div class=\"elementor-widget-container\">\n\t\t\t<style>\/*! elementor - v3.11.5 - 14-03-2023 *\/\n.elementor-column .elementor-spacer-inner{height:var(--spacer-size)}.e-con{--container-widget-width:100%}.e-con-inner>.elementor-widget-spacer,.e-con>.elementor-widget-spacer{width:var(--container-widget-width,var(--spacer-size));--align-self:var(--container-widget-align-self,initial);--flex-shrink:0}.e-con-inner>.elementor-widget-spacer>.elementor-widget-container,.e-con-inner>.elementor-widget-spacer>.elementor-widget-container>.elementor-spacer,.e-con>.elementor-widget-spacer>.elementor-widget-container,.e-con>.elementor-widget-spacer>.elementor-widget-container>.elementor-spacer{height:100%}.e-con-inner>.elementor-widget-spacer>.elementor-widget-container>.elementor-spacer>.elementor-spacer-inner,.e-con>.elementor-widget-spacer>.elementor-widget-container>.elementor-spacer>.elementor-spacer-inner{height:var(--container-widget-height,var(--spacer-size))}<\/style>\t\t<div class=\"elementor-spacer\">\n\t\t\t<div class=\"elementor-spacer-inner\"><\/div>\n\t\t<\/div>\n\t\t\t\t<\/div>\n\t\t\t\t<\/div>\n\t\t\t\t\t<\/div>\n\t\t\t\t<\/div>\n\t\t<div class=\"elementor-element elementor-element-0f51787 e-con-boxed e-con\" data-id=\"0f51787\" data-element_type=\"container\" data-settings=\"{&quot;content_width&quot;:&quot;boxed&quot;}\">\n\t\t\t\t\t<div class=\"e-con-inner\">\n\t\t\t\t<div class=\"elementor-element elementor-element-a1396ec elementor-widget elementor-widget-text-editor\" data-id=\"a1396ec\" data-element_type=\"widget\" data-widget_type=\"text-editor.default\">\n\t\t\t\t<div class=\"elementor-widget-container\">\n\t\t\t<style>\/*! elementor - v3.11.5 - 14-03-2023 *\/\n.elementor-widget-text-editor.elementor-drop-cap-view-stacked .elementor-drop-cap{background-color:#818a91;color:#fff}.elementor-widget-text-editor.elementor-drop-cap-view-framed .elementor-drop-cap{color:#818a91;border:3px solid;background-color:transparent}.elementor-widget-text-editor:not(.elementor-drop-cap-view-default) .elementor-drop-cap{margin-top:8px}.elementor-widget-text-editor:not(.elementor-drop-cap-view-default) .elementor-drop-cap-letter{width:1em;height:1em}.elementor-widget-text-editor .elementor-drop-cap{float:left;text-align:center;line-height:1;font-size:50px}.elementor-widget-text-editor .elementor-drop-cap-letter{display:inline-block}<\/style>\t\t\t\t<p class=\" translation-block\">No liability is assumed for the content, in particular for the correctness, completeness and topicality of the homepage and the website. Errors excepted. This disclaimer also applies to linked pages.<\/p><p>Synnovation GmbH<\/p><p>Address: Kreuzstra\u00dfe 38, 9330 Althofen<\/p><p>E-MAIL: office@synnovation.eu<br \/>Owner: Andreas Leitgeb<\/p><p>UID number: ATU77400439<\/p><p>Company register number: 565869k<\/p><p>Concept, layout and realisation<br \/>printMaster advertising agency GmbH<\/p>\t\t\t\t\t\t<\/div>\n\t\t\t\t<\/div>\n\t\t\t\t\t<\/div>\n\t\t\t\t<\/div>\n\t\t<div class=\"elementor-element elementor-element-59eb43c e-con-boxed e-con\" data-id=\"59eb43c\" data-element_type=\"container\" data-settings=\"{&quot;content_width&quot;:&quot;boxed&quot;}\">\n\t\t\t\t\t<div class=\"e-con-inner\">\n\t\t\t\t<div class=\"elementor-element elementor-element-5afacff elementor-widget elementor-widget-spacer\" data-id=\"5afacff\" data-element_type=\"widget\" data-widget_type=\"spacer.default\">\n\t\t\t\t<div class=\"elementor-widget-container\">\n\t\t\t\t\t<div class=\"elementor-spacer\">\n\t\t\t<div class=\"elementor-spacer-inner\"><\/div>\n\t\t<\/div>\n\t\t\t\t<\/div>\n\t\t\t\t<\/div>\n\t\t\t\t\t<\/div>\n\t\t\t\t<\/div>\n\t\t\t\t\t\t\t<\/div>","protected":false},"excerpt":{"rendered":"<p>Es wird keinerlei Haftung f\u00fcr den Inhalt, insbesondere f\u00fcr die Richtigkeit, Vollst\u00e4ndigkeit und Aktualit\u00e4t der Homepage und der Website \u00fcbernommen. Irrt\u00fcmer werden vorbehalten. Dieser Haftungsausschluss gilt auch f\u00fcr verlinkte Seiten. Synnovation GmbH Adresse: Kreuzstra\u00dfe 38, 9330 Althofen EMAIL: office@synnovation.euInh.: Andreas Leitgeb UID-Nummer.: ATU77400439 Firmenbuchnummer: 565869k Konzept, Layout und UmsetzungprintMaster Werbeagentur GmbH<\/p>","protected":false},"author":3,"featured_media":0,"parent":0,"menu_order":0,"comment_status":"closed","ping_status":"closed","template":"","meta":{"footnotes":""},"class_list":["post-1076","page","type-page","status-publish","hentry"],"_links":{"self":[{"href":"https:\/\/www.synnovation.eu\/en\/wp-json\/wp\/v2\/pages\/1076","targetHints":{"allow":["GET"]}}],"collection":[{"href":"https:\/\/www.synnovation.eu\/en\/wp-json\/wp\/v2\/pages"}],"about":[{"href":"https:\/\/www.synnovation.eu\/en\/wp-json\/wp\/v2\/types\/page"}],"author":[{"embeddable":true,"href":"https:\/\/www.synnovation.eu\/en\/wp-json\/wp\/v2\/users\/3"}],"replies":[{"embeddable":true,"href":"https:\/\/www.synnovation.eu\/en\/wp-json\/wp\/v2\/comments?post=1076"}],"version-history":[{"count":19,"href":"https:\/\/www.synnovation.eu\/en\/wp-json\/wp\/v2\/pages\/1076\/revisions"}],"predecessor-version":[{"id":2110,"href":"https:\/\/www.synnovation.eu\/en\/wp-json\/wp\/v2\/pages\/1076\/revisions\/2110"}],"wp:attachment":[{"href":"https:\/\/www.synnovation.eu\/en\/wp-json\/wp\/v2\/media?parent=1076"}],"curies":[{"name":"wp","href":"https:\/\/api.w.org\/{rel}","templated":true}]}}